{"id":5163,"date":"2015-05-01T18:36:39","date_gmt":"2015-05-01T16:36:39","guid":{"rendered":"http:\/\/www.lemonskin.net\/io\/?page_id=5163"},"modified":"2024-03-15T02:08:29","modified_gmt":"2024-03-15T01:08:29","slug":"la-scienza-spiegata-semplice","status":"publish","type":"page","link":"https:\/\/www.lemonskin.net\/io\/la-scienza-spiegata-semplice\/","title":{"rendered":"La scienza spiegata <em>semplice<\/em>"},"content":{"rendered":"\n<p class=\"has-drop-cap\">Ogni tanto sento l&#8217;esigenza di comprendere un po&#8217; di pi\u00f9 il mondo che mi circonda. Wikipedia \u00e8 un ottimo strumento ma ormai ha raggiunto un tale livello di accuratezza scientifica da non essere pi\u00f9 fruibile da parte di una persona normale (nel senso che \u00e8 diventata troppo complicata), obbligandomi a imbarcarmi in avventurose circumnavigazioni dello sconfinato oceano virtuale.<\/p>\n\n\n\n<p>Per fare in modo che tali imprese non vadano perse, ho deciso di creare una serie di articoli scientifici <em>spiegati &#8220;semplice&#8221;<\/em>, alcuni scritti da me, altri da persone molto pi\u00f9 acculturate del sottoscritto. :)<\/p>\n\n\n\n<h4 class=\"wp-block-heading\">Articoli principali<\/h4>\n\n\n\n<ul class=\"wp-block-list\">\n<li><a href=\"https:\/\/www.lemonskin.net\/io\/4896\/\" target=\"_blank\" rel=\"noreferrer noopener\">La teoria della relativit\u00e0<\/a><\/li>\n\n\n\n<li><a href=\"https:\/\/www.lemonskin.net\/io\/5045\/\" target=\"_blank\" rel=\"noreferrer noopener\">La fisica quantistica<\/a><\/li>\n\n\n\n<li><a href=\"https:\/\/www.lemonskin.net\/io\/5124\/\" target=\"_blank\" rel=\"noreferrer noopener\">La teoria delle stringhe<\/a><\/li>\n\n\n\n<li><a href=\"https:\/\/www.lemonskin.net\/io\/11821\" target=\"_blank\" rel=\"noreferrer noopener\">La costante di Planck<\/a><\/li>\n<\/ul>\n\n\n\n<h4 class=\"wp-block-heading\">Curiosit\u00e0<\/h4>\n\n\n\n<ul class=\"wp-block-list\">\n<li><a rel=\"noreferrer noopener\" href=\"https:\/\/www.lemonskin.net\/io\/18458\" target=\"_blank\">M.V.T.M.G.S.U.N.P.<\/a> (i pianeti del Sistema Solare)<\/li>\n\n\n\n<li><a rel=\"noreferrer noopener\" href=\"https:\/\/www.lemonskin.net\/io\/12649\" target=\"_blank\">La fisica di Ritorno al futuro<\/a><\/li>\n\n\n\n<li><a rel=\"noreferrer noopener\" href=\"https:\/\/www.lemonskin.net\/io\/7222\/\" target=\"_blank\">La gravit\u00e0 nello spazio<\/a><\/li>\n\n\n\n<li><a rel=\"noreferrer noopener\" href=\"https:\/\/www.lemonskin.net\/io\/12500\" target=\"_blank\">Eclissi di Luna<\/a><\/li>\n\n\n\n<li><a rel=\"noreferrer noopener\" href=\"https:\/\/www.lemonskin.net\/io\/12411\/\" target=\"_blank\">50 di questi razzi!<\/a> (la storia dello sbarco sulla Luna)<\/li>\n<\/ul>\n\n\n\n<details class=\"wp-block-details info is-layout-flow wp-block-details-is-layout-flow\"><summary>Nota<\/summary>\n<p>Lo scopo di questo post nasce dall&#8217;esigenza di spiegare in pochi minuti nozioni estremamente complesse, non ha pertanto la pretesa di rappresentare una seria divulgazione scientifica. Mi si perdonino piccoli o grandi errori nell&#8217;esposizione dei concetti.<\/p>\n<\/details>\n","protected":false},"excerpt":{"rendered":"<p>Ogni tanto sento l&#8217;esigenza di comprendere un po&#8217; di pi\u00f9 il mondo che mi circonda. Wikipedia \u00e8 un ottimo strumento ma ormai ha raggiunto un tale livello di accuratezza scientifica da non essere pi\u00f9 fruibile da parte di una persona normale (nel senso che \u00e8 diventata troppo complicata), obbligandomi a imbarcarmi in avventurose circumnavigazioni dello&hellip; <\/p>\n","protected":false},"author":1,"featured_media":0,"parent":0,"menu_order":0,"comment_status":"open","ping_status":"closed","template":"","meta":{"_acf_changed":false,"_stopmodifiedupdate":false,"_modified_date":"","advgb_blocks_editor_width":"","advgb_blocks_columns_visual_guide":"","jetpack_post_was_ever_published":false,"footnotes":""},"class_list":["post-5163","page","type-page","status-publish","hentry"],"acf":[],"coauthors":[],"author_meta":{"author_link":"https:\/\/www.lemonskin.net\/io\/author\/lock\/","display_name":"lock"},"relative_dates":{"created":"Pubblicato 11 anni fa","modified":"Aggiornato 2 anni fa"},"absolute_dates":{"created":"Pubblicato il 1 Maggio 2015","modified":"Aggiornato il 15 Marzo 2024"},"absolute_dates_time":{"created":"Pubblicato il 1 Maggio 2015 18:36","modified":"Aggiornato il 15 Marzo 2024 2:08"},"featured_img_caption":"","featured_img":false,"series_order":"","jetpack_sharing_enabled":true,"_links":{"self":[{"href":"https:\/\/www.lemonskin.net\/io\/wp-json\/wp\/v2\/pages\/5163","targetHints":{"allow":["GET"]}}],"collection":[{"href":"https:\/\/www.lemonskin.net\/io\/wp-json\/wp\/v2\/pages"}],"about":[{"href":"https:\/\/www.lemonskin.net\/io\/wp-json\/wp\/v2\/types\/page"}],"author":[{"embeddable":true,"href":"https:\/\/www.lemonskin.net\/io\/wp-json\/wp\/v2\/users\/1"}],"replies":[{"embeddable":true,"href":"https:\/\/www.lemonskin.net\/io\/wp-json\/wp\/v2\/comments?post=5163"}],"version-history":[{"count":0,"href":"https:\/\/www.lemonskin.net\/io\/wp-json\/wp\/v2\/pages\/5163\/revisions"}],"wp:attachment":[{"href":"https:\/\/www.lemonskin.net\/io\/wp-json\/wp\/v2\/media?parent=5163"}],"curies":[{"name":"wp","href":"https:\/\/api.w.org\/{rel}","templated":true}]}}