{"id":2,"date":"2019-02-04T17:21:56","date_gmt":"2019-02-04T16:21:56","guid":{"rendered":"http:\/\/www.lemonskin.net\/sventrax\/?page_id=2"},"modified":"2021-08-18T23:10:34","modified_gmt":"2021-08-18T21:10:34","slug":"pagina-di-esempio","status":"publish","type":"page","link":"https:\/\/www.lemonskin.net\/sventrax\/pagina-di-esempio\/","title":{"rendered":"Il meglio o il peggio di cosa?"},"content":{"rendered":"\n<p>Sei appena capitato in un parco naturalistico di preservazione dei meme di Internet. Solo quelli pi\u00f9 belli. O quelli pi\u00f9 brutti, dipende dai punti di vista: il meglio del peggio di Internet.<\/p>\n\n\n\n<p>Ogni giorno ci sono menti geniali che, non avendo niente di meglio da fare, si prodigano per rifornire la Rete di nuovi meme. Il problema \u00e8 che spesso chi ha il pane non ha i denti e viceversa e accade spesso che la qualit\u00e0 di questi piccoli capolavori non sia adeguata all&#8217;importanza del messaggio di salvezza che portano con s\u00e9. Altre volte vengono condivisi, modificati, marchiati a fuoco da famelici amministratori di pagine social e tutto questo porta a una degradazione incredibile del file. Non \u00e8 raro che gli artefatti da compressione jpeg arrivino a coprire il testo dei meme, al punto che la lettura diventa difficoltosa, se non quasi impossibile.<\/p>\n\n\n\n<figure class=\"wp-block-image size-full\"><a href=\"https:\/\/www.lemonskin.net\/sventrax\/wp-content\/uploads\/2021\/08\/SVENTRAX-Penne-allarrabbiata.png\"><img loading=\"lazy\" decoding=\"async\" width=\"730\" height=\"292\" src=\"https:\/\/www.lemonskin.net\/sventrax\/wp-content\/uploads\/2021\/08\/SVENTRAX-Meme-compare-1.png\" alt=\"\" class=\"wp-image-1115\" srcset=\"https:\/\/www.lemonskin.net\/sventrax\/wp-content\/uploads\/2021\/08\/SVENTRAX-Meme-compare-1.png 730w, https:\/\/www.lemonskin.net\/sventrax\/wp-content\/uploads\/2021\/08\/SVENTRAX-Meme-compare-1-300x120.png 300w\" sizes=\"(max-width: 730px) 100vw, 730px\" \/><\/a><\/figure>\n\n\n\n<p>Il mio scopo nella vita&#8230; no vabb\u00e8, cos\u00ec \u00e8 esagerato. Diciamo allora che una delle mie missioni per migliorare il mondo \u00e8 prendere quelli che, a mio insindacabile giudizio, meritano di essere tramandati e li rifaccio. Vado cio\u00e8 a cercare l&#8217;immagine sorgente, alla massima qualit\u00e0 possibile, e li ridisegno, in modo che possano tornare a nuova vita e risplendere nel firmamento virtuale del <em>world wide web<\/em>. Se sono in inglese, ed \u00e8 possibile tradurli (a volte sono giochi di parole, <a rel=\"noreferrer noopener\" href=\"https:\/\/www.lemonskin.net\/sventrax\/2019\/02\/10\/come-forth\/\" data-type=\"post\" data-id=\"515\" target=\"_blank\">come questo<\/a>, per cui li lascio in lingua originale), li traduco.<\/p>\n\n\n\n<figure class=\"wp-block-image size-full\"><a href=\"https:\/\/www.lemonskin.net\/sventrax\/wp-content\/uploads\/2021\/08\/SVENTRAX-Mi-chiami-il-direttore.jpg\"><img loading=\"lazy\" decoding=\"async\" width=\"730\" height=\"326\" src=\"https:\/\/www.lemonskin.net\/sventrax\/wp-content\/uploads\/2021\/08\/SVENTRAX-Meme-compare-2.jpg\" alt=\"\" class=\"wp-image-1118\" srcset=\"https:\/\/www.lemonskin.net\/sventrax\/wp-content\/uploads\/2021\/08\/SVENTRAX-Meme-compare-2.jpg 730w, https:\/\/www.lemonskin.net\/sventrax\/wp-content\/uploads\/2021\/08\/SVENTRAX-Meme-compare-2-300x134.jpg 300w\" sizes=\"(max-width: 730px) 100vw, 730px\" \/><\/a><\/figure>\n\n\n\n<p>A volte pu\u00f2 succedere che non riesco a reperire immagini migliori, nel qual caso faccio del mio meglio per rielaborarle e renderle il pi\u00f9 possibile gradevoli per l&#8217;occhio. Ma spiego meglio la procedura <a rel=\"noreferrer noopener\" href=\"https:\/\/www.lemonskin.net\/sventrax\/faq\/\" data-type=\"page\" data-id=\"423\" target=\"_blank\">in questo articolo<\/a>.<\/p>\n\n\n\n<p>Oppure ne cerco di alternative, che possano rendere meglio lo spirito del meme.<\/p>\n\n\n\n<figure class=\"wp-block-image size-full wp-image-1119\"><a href=\"https:\/\/www.lemonskin.net\/sventrax\/wp-content\/uploads\/2021\/08\/SVENTRAX-Archeologi.jpg\"><img decoding=\"async\" src=\"https:\/\/www.lemonskin.net\/sventrax\/wp-content\/uploads\/2021\/08\/SVENTRAX-Meme-compare-3.png\" alt=\"\" class=\"wp-image-1118\"\/><\/a><\/figure>\n\n\n\n<p>Con l&#8217;occasione ho ripreso la mano con il codice di WordPress. Ho scelto un tema che ben si adattava alla tipologia dei contenuti (che poi \u00e8 lo stesso che, leggermente modificato uso anche sul <a rel=\"noreferrer noopener\" aria-label=\"mio blog (apre in una nuova scheda)\" href=\"http:\/\/io.lemonskin.net\" target=\"_blank\">mio blog<\/a>) e l\u2019ho adattato per le mie esigenze, modificando CSS e funzioni, traducendolo e sistemandolo come pi\u00f9 mi piaceva.<\/p>\n\n\n\n<p>Non so bene con quale frequenza aggiorner\u00f2 il sito. L&#8217;idea di base \u00e8 aggiungere nuovi meme ogni volta che me ne capita qualcuno eccezionale e ho quei dieci minuti da dedicargli. Anche il solo filtrarli richiede tempo e fatica (cosa che lascia meno tempo per la&#8230;).<\/p>\n\n\n\n<p>Al giorno d&#8217;oggi i social sfornano puttanate a rotta di collo, ma solo poche meritano il titolo di &#8220;<em>meglio del peggio&#8221;<\/em>.<\/p>\n\n\n\n<p>E solo loro finiranno qui su Sventrax. \ud83d\ude42<\/p>\n","protected":false},"excerpt":{"rendered":"<p>Sei appena capitato in un parco naturalistico di preservazione dei meme di Internet. Solo quelli pi\u00f9 belli. O quelli pi\u00f9 brutti, dipende dai punti di vista: il meglio del peggio di Internet. Ogni giorno ci sono menti geniali che, non avendo niente di meglio da fare, si prodigano per rifornire la Rete di nuovi meme.&hellip; <\/p>\n","protected":false},"author":1,"featured_media":0,"parent":0,"menu_order":1,"comment_status":"closed","ping_status":"closed","template":"","meta":{"jetpack_post_was_ever_published":false,"footnotes":""},"jetpack_sharing_enabled":true,"jetpack_shortlink":"https:\/\/wp.me\/PaHzqp-2","_links":{"self":[{"href":"https:\/\/www.lemonskin.net\/sventrax\/wp-json\/wp\/v2\/pages\/2"}],"collection":[{"href":"https:\/\/www.lemonskin.net\/sventrax\/wp-json\/wp\/v2\/pages"}],"about":[{"href":"https:\/\/www.lemonskin.net\/sventrax\/wp-json\/wp\/v2\/types\/page"}],"author":[{"embeddable":true,"href":"https:\/\/www.lemonskin.net\/sventrax\/wp-json\/wp\/v2\/users\/1"}],"replies":[{"embeddable":true,"href":"https:\/\/www.lemonskin.net\/sventrax\/wp-json\/wp\/v2\/comments?post=2"}],"version-history":[{"count":23,"href":"https:\/\/www.lemonskin.net\/sventrax\/wp-json\/wp\/v2\/pages\/2\/revisions"}],"predecessor-version":[{"id":1129,"href":"https:\/\/www.lemonskin.net\/sventrax\/wp-json\/wp\/v2\/pages\/2\/revisions\/1129"}],"wp:attachment":[{"href":"https:\/\/www.lemonskin.net\/sventrax\/wp-json\/wp\/v2\/media?parent=2"}],"curies":[{"name":"wp","href":"https:\/\/api.w.org\/{rel}","templated":true}]}}